{"id":11641,"date":"2018-06-15T12:27:57","date_gmt":"2018-06-15T12:27:57","guid":{"rendered":"https:\/\/www.adiuvopharma.com\/inicio\/"},"modified":"2024-08-12T16:25:42","modified_gmt":"2024-08-12T16:25:42","slug":"inicio","status":"publish","type":"page","link":"https:\/\/adiuvopharma.com\/en\/","title":{"rendered":"Home"},"content":{"rendered":"<div class=\"full-width-section   color-overlay  \" style=\"background-color:#ffffff;\" ><div  class=\"column dt-sc-one-column    first \"   style=\"         \"><img class=\"\" src=\"https:\/\/www.adiuvopharma.com\/wp-content\/uploads\/2018\/09\/green-squares-1.jpg\" alt=\"\" title=\"\"  \/><\/div><\/div><div class=\"full-width-section    \"  ><div class=\"container\"><div  class=\"column dt-sc-one-half    first \"   style=\"         \"><img class=\"\" src=\"https:\/\/www.adiuvopharma.com\/wp-content\/uploads\/2018\/06\/doctora.jpg\" alt=\"\" title=\"\"  \/><\/div><div  class=\"column dt-sc-one-half     text-alignleft\"   style=\"         \"><div class=\"dt-sc-margin100\"><\/div><div class=\"dt-sc-margin30\"><\/div><h2 class=\"  \" ><h1>Why Adiuvo?<\/h1><\/h2>\n<h3>Our commitment is to give people products of very high quality without having to pay too much.<\/h3>\n<div class=\"dt-sc-custom-button  text-aligncenter  \" style=\"width:200px; height:50px;  color:#dd3333; border-width:2px; border-style:solid; border-color:#dd3333; border-radius:5px;  left:10px; top:10px; right:10px; bottom:10px; padding:10px;  font-size:24px;  \" onmouseenter=\"this.style.borderColor='#000000',this.style.color='#000000'\" onmouseleave=\"this.style.borderColor='#dd3333',this.style.color='#dd3333'\"  ><a href=\"https:\/\/www.adiuvopharma.com\/en\/por-que-adiuvo\/\" style=\"\">More<\/a><\/div><\/div><\/div><\/div><div class=\"full-width-section dt-sc-parallax  dark-parallax-content  aligncenter\" style=\"background-image:url(https:\/\/www.adiuvopharma.com\/wp-content\/uploads\/2018\/06\/banner-altos-estandares.jpg);background-attachment:fixed;background-color:rgba(221,51,51,0.85);padding-top:70px;padding-bottom:35px;\" data-position=\"\"><div class=\"container\"><img class=\"\" src=\"https:\/\/www.adiuvopharma.com\/wp-content\/uploads\/2018\/05\/icono-a.png\" alt=\"\" title=\"\"  \/><div class=\"dt-sc-margin20\"><\/div><h2 class=\"  \" style=\"font-size:44px;color:#ffffff;\">High quality standards<\/h2>\n<h3 style=\"text-align: center;\">Our products are designed and manufactured<br \/>with the highest quality standards worldwide.<\/h3>\n<a href=\"https:\/\/www.adiuvopharma.com\/en\/compromiso-de-calidad\/\" target='_self'  class=\"dt-sc-button   large  type5 \"  style=\"color:#ffffff;\" > More  <\/a><div class=\"dt-sc-margin40\"><\/div><\/div><\/div><div class=\"full-width-section    \"  ><div class=\"container\"><div class=\"dt-sc-margin60\"><\/div><h2 class=\" aligncenter \" >FAQ&#8217;s<\/h2><div class='dt-sc-hr-line  '><\/div><div class=\"dt-sc-margin90\"><\/div><div  class=\"column dt-sc-one-half    first \"   style=\"         \"><h3 class=\"dt-sc-margin25 alignleft \" >About generic drugs<\/h3><div class=\"dt-sc-toggle-frame-set  type3\"><h5 class=\"dt-sc-toggle-accordion\" ><a href=\"#\"><strong>What is a generic drug?<\/strong><\/a><\/h5><div class=\"dt-sc-toggle-content\" style=\"display: none;\">\t<div class=\"block\">It is a drug that is distributed or sold marked with the common name of the active ingredient, with or without identified with a trademark. For example, Ibuprofen 400mg.<br \/>\t<\/div><\/div><h5 class=\"dt-sc-toggle-accordion\" ><a href=\"#\"><strong>When and why do generic drugs arise?<\/strong><\/a><\/h5><div class=\"dt-sc-toggle-content\" style=\"display: none;\">\t<div class=\"block\">Since 30 years ago, when they began to overcome the patents of original drugs, also called innovators, they began to develop similar products, or generics, to make economically more affordable drugs available to the consumer. The difference is that generics are drugs that are made after the molecule has been developed; the drugs with brand are the first to make the molecule and those who invest in research and development, but that are two molecules, two drugs with the same function, the same action in the body.<br \/>\t<\/div><\/div><h5 class=\"dt-sc-toggle-accordion\" ><a href=\"#\"><strong>How do I know if a drug is generic or is original?<\/strong><\/a><\/h5><div class=\"dt-sc-toggle-content\" style=\"display: none;\">\t<div class=\"block\">Except for the innovator, all medicines that have the same active ingredient and concentration are generic, even if they have a commercial name. In the drugstore, they can tell you which is the original \/ innovative.<br \/>\t<\/div><\/div><\/div><a href=\"https:\/\/www.adiuvopharma.com\/en\/preguntas-frecuentes\/\" target='_self'  class=\"dt-sc-button   large  type4 \"  style=\"color:#dd3333;\" > More  <\/a><\/div><div  class=\"column dt-sc-one-half     \"   style=\"         \"><h3 class=\"dt-sc-margin25  \" >About Adiuvo<\/h3><div class=\"dt-sc-toggle-frame-set  type3\"><h5 class=\"dt-sc-toggle-accordion\" ><a href=\"#\"><strong>What does ADIUVO mean?<\/strong><\/a><\/h5><div class=\"dt-sc-toggle-content\" style=\"display: none;\">\t<div class=\"block\">ADIUVO means HELP. It comes from the Latin <em>Adiuvare<\/em> (to help). ADIUVO helps you take care of your health and your economy, with quality drugs at a better price.<br \/>\t<\/div><\/div><h5 class=\"dt-sc-toggle-accordion\" ><a href=\"#\"><strong>Are ADIUVO products registered and authorized in the country?<\/strong><\/a><\/h5><div class=\"dt-sc-toggle-content\" style=\"display: none;\">\t<div class=\"block\">Yes, all available products have their sanitary registry in each country that are commercialized.<br \/>\t<\/div><\/div><h5 class=\"dt-sc-toggle-accordion\" ><a href=\"#\"><strong>Where are the ADIUVO products manufactured?<\/strong><\/a><\/h5><div class=\"dt-sc-toggle-content\" style=\"display: none;\">\t<div class=\"block\">Mostly of our products are manufactured in laboratories in India, and the rest in Spain, Honduras and Guatemala.\t<\/div><\/div><\/div><a href=\"https:\/\/www.adiuvopharma.com\/en\/preguntas-frecuentes\/\" target='_self'  class=\"dt-sc-button   large  type4 \"  style=\"color:#dd3333;\" > More  <\/a><\/div><div class=\"dt-sc-margin60\"><\/div><\/div><\/div><div class=\"full-width-section dt-sc-parallax   aligncenter\" style=\"background-image:url(https:\/\/www.adiuvopharma.com\/wp-content\/uploads\/2018\/06\/banner-precios-bajos.jpg);background-attachment:fixed;\" data-position=\"\"><div class=\"container\"><div class=\"dt-sc-margin95\"><\/div><img class=\"\" src=\"https:\/\/www.adiuvopharma.com\/wp-content\/uploads\/2018\/05\/icono-a.png\" alt=\"\" title=\"\"  \/><div class=\"dt-sc-margin20\"><\/div><h1 class=\"aligncenter aligncenter \" style=\"font-size:34px;color:#ffffff;\">Low Prices<\/h1><div class=\"dt-sc-margin95\"><\/div><\/div><\/div><div class=\"full-width-section    aligncenter\"  ><div class=\"container\"><div class=\"dt-sc-margin50\"><\/div><h2 class=\"aligncenter  \" >Noti-Adiuvo<\/h2><div class='dt-sc-hr-invisible-small  '><\/div><div  class=\"column dt-sc-one-third    first \"   style=\"         \"><article id=\"post-11942\" class=\"entry-post\"><div class=\"entry-meta\">\r\n\t\t\t\t\t\t\t\t<a href=\"\" title=\"\" class=\"entry_format\"> <\/a>\r\n\t\t\t\t\t\t\t\t<div class=\"date\"><a href=\"https:\/\/adiuvopharma.com\/en\/\">\r\n\t\t\t\t\t\t\t\t\t<p><span>15<\/span>JUN 2018<\/p><\/a>\r\n\t\t\t\t\t\t\t\t<\/div>\r\n\t\t\t\t\t\t\t\t<div class=\"post-comments\">\r\n\t\t\t\t\t\t\t\t\t<a href=\"#respond\" title=\"\"><span class=\"fa fa-comment\"><\/span>0<\/a>\r\n\t\t\t\t\t\t\t\t<\/div>\r\n\t\t\t\t\t\t\t<\/div><div class=\"entry-post-content\"><div class=\"entry-detail\"><h5><a href=\"\" title=\"\"><\/a><\/h5><div class=\"entry-body\"><\/div><a class=\"dt-sc-button type4 small\" href=\"\">Read more<\/a><\/div><\/div><\/article><\/div><div  class=\"column dt-sc-one-third     \"   style=\"         \"><article id=\"post-11953\" class=\"entry-post\"><div class=\"entry-meta\">\r\n\t\t\t\t\t\t\t\t<a href=\"\" title=\"\" class=\"entry_format\"> <\/a>\r\n\t\t\t\t\t\t\t\t<div class=\"date\"><a href=\"https:\/\/adiuvopharma.com\/en\/\">\r\n\t\t\t\t\t\t\t\t\t<p><span>15<\/span>JUN 2018<\/p><\/a>\r\n\t\t\t\t\t\t\t\t<\/div>\r\n\t\t\t\t\t\t\t\t<div class=\"post-comments\">\r\n\t\t\t\t\t\t\t\t\t<a href=\"#respond\" title=\"\"><span class=\"fa fa-comment\"><\/span>0<\/a>\r\n\t\t\t\t\t\t\t\t<\/div>\r\n\t\t\t\t\t\t\t<\/div><div class=\"entry-post-content\"><div class=\"entry-detail\"><h5><a href=\"\" title=\"\"><\/a><\/h5><div class=\"entry-body\"><\/div><a class=\"dt-sc-button type4 small\" href=\"\">Read more<\/a><\/div><\/div><\/article><\/div><div  class=\"column dt-sc-one-third     \"   style=\"         \"><article id=\"post-11964\" class=\"entry-post\"><div class=\"entry-meta\">\r\n\t\t\t\t\t\t\t\t<a href=\"\" title=\"\" class=\"entry_format\"> <\/a>\r\n\t\t\t\t\t\t\t\t<div class=\"date\"><a href=\"https:\/\/adiuvopharma.com\/en\/\">\r\n\t\t\t\t\t\t\t\t\t<p><span>15<\/span>JUN 2018<\/p><\/a>\r\n\t\t\t\t\t\t\t\t<\/div>\r\n\t\t\t\t\t\t\t\t<div class=\"post-comments\">\r\n\t\t\t\t\t\t\t\t\t<a href=\"#respond\" title=\"\"><span class=\"fa fa-comment\"><\/span>0<\/a>\r\n\t\t\t\t\t\t\t\t<\/div>\r\n\t\t\t\t\t\t\t<\/div><div class=\"entry-post-content\"><div class=\"entry-detail\"><h5><a href=\"\" title=\"\"><\/a><\/h5><div class=\"entry-body\"><\/div><a class=\"dt-sc-button type4 small\" href=\"\">Read more<\/a><\/div><\/div><\/article><\/div><div class=\"dt-sc-margin90\"><\/div><a href=\"https:\/\/www.adiuvopharma.com\/en\/noticias\/\" target='_self'  class=\"dt-sc-button    type4 \"  > More News  <\/a><div class=\"dt-sc-margin50\"><\/div><\/div><\/div><div class=\"full-width-section    aligncenter\" style=\"background-color:#dd3333;\" ><div class=\"container\"><div class=\"dt-sc-margin70\"><\/div><h1 class=\" aligncenter \" style=\"font-size:34px;color:#ffffff;\">Thousands of satisfied customers<\/h1>\n<h4 style=\"text-align: center;\"><span style=\"color: #ffffff;\">Thousands of customers trust Adiuvo more every day. They get the best quality<\/span><br \/><span style=\"color: #ffffff;\">at the best prices in the market.<\/span><\/h4>\n<div class=\"dt-sc-margin20\"><\/div>\n<p><img fetchpriority=\"high\" decoding=\"async\" class=\"aligncenter size-full wp-image-10553\" src=\"https:\/\/www.adiuvopharma.com\/wp-content\/uploads\/2018\/07\/banner-clientes-satisfechos.jpg\" alt=\"\" width=\"800\" height=\"200\" srcset=\"https:\/\/adiuvopharma.com\/wp-content\/uploads\/2018\/07\/banner-clientes-satisfechos.jpg 800w, https:\/\/adiuvopharma.com\/wp-content\/uploads\/2018\/07\/banner-clientes-satisfechos-300x75.jpg 300w, https:\/\/adiuvopharma.com\/wp-content\/uploads\/2018\/07\/banner-clientes-satisfechos-768x192.jpg 768w, https:\/\/adiuvopharma.com\/wp-content\/uploads\/2018\/07\/banner-clientes-satisfechos-600x150.jpg 600w\" sizes=\"(max-width: 800px) 100vw, 800px\" \/><\/p>\n<div class=\"dt-sc-margin70\"><\/div><\/div><\/div><div class=\"full-width-section    \"  ><div class=\"container\"><\/div><\/div><div class=\"full-width-section   dark-parallax-content  \" style=\"background-color:#1a856f;\" ><div class=\"container\"><div  class=\"column dt-sc-three-fifth    first \"   style=\"         \"><div class=\"dt-sc-margin45\"><\/div><h2 class=\"  \" ><h3>Information by country<\/h3><\/h2><div class=\"dt-sc-margin20\"><\/div>\n<p><span style=\"color: #ffff00;\"><strong>HONDURAS<\/strong><\/span><br \/>\n<strong>Phone number:<\/strong> &nbsp;+504 2236-8453 &nbsp;\/ <strong>E-mail:<\/strong> <a href=\"mailto: infogroup@adiuvopharma.com\"> infogroup@adiuvopharma.com<\/a><br \/>\n<strong>Address:<\/strong> Colonia Parcaltagua , Calle Bustamante y Rivero Local #7, Tegucigalpa M. D. C.<\/p>\n<p><strong><span style=\"color: #ffff00;\">EL SALVADOR<\/span><br \/>\nPhone number:<\/strong> +503 2264-2033 \/ <strong>E-mail:<\/strong> <a href=\"mailto: infogroup@adiuvopharma.com\"> infogroup@adiuvopharma.com<\/a><br \/>\n<strong>Address:<\/strong> 89 South Av. and Paseo General Escal\u00f3n, Partenope Mall, Local #5. San Salvador.<\/p>\n<p><strong><span style=\"color: #ffff00;\">NICARAGUA<\/span><br \/>\nPhone number:<\/strong> +505 2298-0777 \/ <strong>E-mail:<\/strong> <a href=\"mailto: infogroup@adiuvopharma.com\"> infogroup@adiuvopharma.com<\/a><br \/>\n<strong>Address:<\/strong> Rotonda Bello Horizonte 1 cuadra y media arriba MD, Managua, Nicaragua.<\/p>\n<p><strong><span style=\"color: #ffff00;\">COSTA RICA<\/span><br \/>\nPhone number:<\/strong> +506 4037-8619 \/ <strong>E-mail:<\/strong> <a href=\"mailto: infogroup@adiuvopharma.com\"> infogroup@adiuvopharma.com<\/a><br \/>\n<strong>Address:<\/strong> Plaza Roble, edificio Terrazas, segundo piso, Droguer\u00eda Europea, Guachipel\u00edn, Escaz\u00fa, San Jos\u00e9. Costa Rica<\/p>\n<p><strong><span style=\"color: #ffff00;\">PANAM\u00c1<\/span><br \/>\nPhone number:<\/strong> +506 8468-2444 \/ <strong>E-mail:<\/strong> <a href=\"mailto: infogroup@adiuvopharma.com\"> infogroup@adiuvopharma.com<\/a><br \/>\n<strong>Address:<\/strong> Avenida Justo Arosemena, entre calle y 43. Edificio \u00c1ngel, Ciudad de Panam\u00e1<\/p>\n<p><strong><span style=\"color: #ffff00;\">GUATEMALA<\/span><br \/>\nPhone number:<\/strong> +502 2315-5700 ext.163&nbsp; \/ E-mail: <a href=\"mailto: infogroup@adiuvopharma.com\"> infogroup@adiuvopharma.com<\/a><br \/>\n<strong>Address:<\/strong> 17 calle A ,18-40 Zona 10, Ciudad de Guatemala, Guatemala<\/p>\n<p><strong><span style=\"color: #ffff00;\">FARMACOVIGILANCIA<\/span><\/strong><\/p>\n<p>E-mail: <a href=\"mailto:farmacovigilancia@adiuvopharma.com\">farmacovigilancia@adiuvopharma.com<\/a><\/p>\n<p>&nbsp;<\/p>\n<div class=\"dt-sc-margin20\"><\/div><\/div><div  class=\"column dt-sc-two-fifth custom-white-bg dt-sc-shadow    text-aligncenter\"   style=\"background-color:#1a856f;      padding:30px;   \"><div class=\"dt-sc-margin20\"><\/div><h3 class=\"  \" style=\"color:#ffffff;\">Contact Us<\/h3>\n<p><span style=\"color: #ffffff;\">Do you have any questions, suggestions or comments?<\/span><br \/><span style=\"color: #ffffff;\">It will be a pleasure to assist you.<\/span><\/p>\n\n<div class=\"wpcf7 no-js\" id=\"wpcf7-f12484-o1\" lang=\"en-US\" dir=\"ltr\">\n<div class=\"screen-reader-response\"><p role=\"status\" aria-live=\"polite\" aria-atomic=\"true\"><\/p> <ul><\/ul><\/div>\n<form action=\"\/en\/wp-json\/wp\/v2\/pages\/11641#wpcf7-f12484-o1\" method=\"post\" class=\"wpcf7-form init dt-sc-appoinment-form\" aria-label=\"Contact form\" novalidate=\"novalidate\" data-status=\"init\">\n<div style=\"display: none;\">\n<input type=\"hidden\" name=\"_wpcf7\" value=\"12484\" \/>\n<input type=\"hidden\" name=\"_wpcf7_version\" value=\"5.7.7\" \/>\n<input type=\"hidden\" name=\"_wpcf7_locale\" value=\"en_US\" \/>\n<input type=\"hidden\" name=\"_wpcf7_unit_tag\" value=\"wpcf7-f12484-o1\" \/>\n<input type=\"hidden\" name=\"_wpcf7_container_post\" value=\"0\" \/>\n<input type=\"hidden\" name=\"_wpcf7_posted_data_hash\" value=\"\" \/>\n<\/div>\n<p><span class=\"wpcf7-form-control-wrap\" data-name=\"Country\"><select class=\"wpcf7-form-control wpcf7-select wpcf7-validates-as-required\" aria-required=\"true\" aria-invalid=\"false\" name=\"Country\"><option value=\"Select your country\">Select your country<\/option><option value=\"Honduras\">Honduras<\/option><option value=\"El Salvador\">El Salvador<\/option><option value=\"Nicaragua\">Nicaragua<\/option><option value=\"Costa Rica\">Costa Rica<\/option><option value=\"Panam\u00e1\">Panam\u00e1<\/option><option value=\"General\">General<\/option><\/select><\/span>\n<\/p>\n<div class=\"dt-sc-margin10\">\n<\/div>\n<p><span class=\"wpcf7-form-control-wrap\" data-name=\"Name\"><input size=\"40\" class=\"wpcf7-form-control wpcf7-text wpcf7-validates-as-required\" aria-required=\"true\" aria-invalid=\"false\" placeholder=\"Name\" value=\"\" type=\"text\" name=\"Name\" \/><\/span><br \/>\n<span class=\"wpcf7-form-control-wrap\" data-name=\"E-mail\"><input size=\"40\" class=\"wpcf7-form-control wpcf7-text wpcf7-email wpcf7-validates-as-required wpcf7-validates-as-email\" aria-required=\"true\" aria-invalid=\"false\" placeholder=\"E-mail\" value=\"\" type=\"email\" name=\"E-mail\" \/><\/span><br \/>\n<span class=\"wpcf7-form-control-wrap\" data-name=\"Phone\"><input size=\"40\" class=\"wpcf7-form-control wpcf7-text\" aria-invalid=\"false\" placeholder=\"Phone number\" value=\"\" type=\"text\" name=\"Phone\" \/><\/span><br \/>\n<span class=\"wpcf7-form-control-wrap\" data-name=\"Message\"><input size=\"40\" class=\"wpcf7-form-control wpcf7-text wpcf7-validates-as-required\" aria-required=\"true\" aria-invalid=\"false\" placeholder=\"Message\" value=\"\" type=\"text\" name=\"Message\" \/><\/span><br \/>\n<div id=\"cf7sr-69da46bd7bf53\" class=\"cf7sr-g-hcaptcha\" data-theme=\"light\" data-size=\"compact\" data-sitekey=\"2dc845c6-1d44-42ae-b71c-301411aada42\"><\/div><span class=\"wpcf7-form-control-wrap cf7sr-hcaptcha\" data-name=\"cf7sr-hcaptcha\"><input type=\"hidden\" name=\"cf7sr-hcaptcha\" value=\"\" class=\"wpcf7-form-control\"><\/span>\n<\/p>\n<p><input class=\"wpcf7-form-control has-spinner wpcf7-submit\" type=\"submit\" value=\"Submit\" \/>\n<\/p><div class=\"wpcf7-response-output\" aria-hidden=\"true\"><\/div>\n<\/form>\n<\/div><\/div><\/div><\/div><div class=\"dt-sc-margin50\"><\/div><div class=\"dt-sc-margin50\"><\/div>\n","protected":false},"excerpt":{"rendered":"","protected":false},"author":1,"featured_media":0,"parent":0,"menu_order":0,"comment_status":"open","ping_status":"closed","template":"tpl-fullwidth.php","meta":[],"_links":{"self":[{"href":"https:\/\/adiuvopharma.com\/en\/wp-json\/wp\/v2\/pages\/11641\/"}],"collection":[{"href":"https:\/\/adiuvopharma.com\/en\/wp-json\/wp\/v2\/pages\/"}],"about":[{"href":"https:\/\/adiuvopharma.com\/en\/wp-json\/wp\/v2\/types\/page\/"}],"author":[{"embeddable":true,"href":"https:\/\/adiuvopharma.com\/en\/wp-json\/wp\/v2\/users\/1\/"}],"replies":[{"embeddable":true,"href":"https:\/\/adiuvopharma.com\/en\/wp-json\/wp\/v2\/comments\/?post=11641"}],"version-history":[{"count":81,"href":"https:\/\/adiuvopharma.com\/en\/wp-json\/wp\/v2\/pages\/11641\/revisions\/"}],"predecessor-version":[{"id":18613,"href":"https:\/\/adiuvopharma.com\/en\/wp-json\/wp\/v2\/pages\/11641\/revisions\/18613\/"}],"wp:attachment":[{"href":"https:\/\/adiuvopharma.com\/en\/wp-json\/wp\/v2\/media\/?parent=11641"}],"curies":[{"name":"wp","href":"https:\/\/api.w.org\/{rel}","templated":true}]}}