{"id":12158,"date":"2018-06-08T15:03:29","date_gmt":"2018-06-08T15:03:29","guid":{"rendered":"https:\/\/www.adiuvopharma.com\/categorias-2\/analgesicos\/dicox-100-sr\/"},"modified":"2022-05-20T14:51:09","modified_gmt":"2022-05-20T14:51:09","slug":"dicox-100-sr","status":"publish","type":"page","link":"https:\/\/adiuvopharma.com\/en\/categorias-2\/analgesicos\/dicox-100-sr\/","title":{"rendered":"Diclofenac potassium 100"},"content":{"rendered":"\t\t<div data-elementor-type=\"wp-page\" data-elementor-id=\"12158\" class=\"elementor elementor-12158\">\n\t\t\t\t\t\t<section class=\"elementor-section elementor-top-section elementor-element elementor-element-9278f97 elementor-section-boxed elementor-section-height-default elementor-section-height-default\" data-id=\"9278f97\" data-element_type=\"section\">\n\t\t\t\t\t\t<div class=\"elementor-container elementor-column-gap-default\">\n\t\t\t\t\t<div class=\"elementor-column elementor-col-100 elementor-top-column elementor-element elementor-element-06835b0\" data-id=\"06835b0\" data-element_type=\"column\">\n\t\t\t<div class=\"elementor-widget-wrap elementor-element-populated\">\n\t\t\t\t\t\t<div class=\"elementor-element elementor-element-eb07c30 elementor-widget elementor-widget-html\" data-id=\"eb07c30\" data-element_type=\"widget\" data-widget_type=\"html.default\">\n\t\t\t\t<div class=\"elementor-widget-container\">\n\t\t\t<embed src=\"\/wp-content\/uploads\/2022\/04\/Analg\u00e9sicos, Antiinflamatorios, Antipir\u00e9ticos, Antireum\u00e1ticos, Antineur\u00edticos\/Ficha t\u00e9cnica DICLOFENACO Potasico 100SR render ingles.pdf\" width=\"200%\" height=\"700px\" data-mce-fragment=\"1\"><\/embed>\r\n\t\t<\/div>\n\t\t\t\t<\/div>\n\t\t\t\t\t<\/div>\n\t\t<\/div>\n\t\t\t\t\t<\/div>\n\t\t<\/section>\n\t\t\t\t<section class=\"elementor-section elementor-top-section elementor-element elementor-element-fbd9465 elementor-section-boxed elementor-section-height-default elementor-section-height-default\" data-id=\"fbd9465\" data-element_type=\"section\">\n\t\t\t\t\t\t<div class=\"elementor-container elementor-column-gap-default\">\n\t\t\t\t\t<div class=\"elementor-column elementor-col-100 elementor-top-column elementor-element elementor-element-7762e19\" data-id=\"7762e19\" data-element_type=\"column\">\n\t\t\t<div class=\"elementor-widget-wrap elementor-element-populated\">\n\t\t\t\t\t\t<div class=\"elementor-element elementor-element-84997b4 elementor-widget elementor-widget-text-editor\" data-id=\"84997b4\" data-element_type=\"widget\" data-widget_type=\"text-editor.default\">\n\t\t\t\t<div class=\"elementor-widget-container\">\n\t\t\t\t\t\t\t<p><strong>Available in the following countries:\u00a0<\/strong><\/p>\n<table>\n<tbody>\n<tr>\n<td><img decoding=\"async\" class=\"aligncenter size-full wp-image-13185\" src=\"https:\/\/www.adiuvopharma.com\/wp-content\/uploads\/2022\/04\/honduras.png\" alt=\"\" width=\"128\" height=\"128\" srcset=\"https:\/\/adiuvopharma.com\/wp-content\/uploads\/2022\/04\/honduras.png 512w, https:\/\/adiuvopharma.com\/wp-content\/uploads\/2022\/04\/honduras-300x300.png 300w, https:\/\/adiuvopharma.com\/wp-content\/uploads\/2022\/04\/honduras-150x150.png 150w, https:\/\/adiuvopharma.com\/wp-content\/uploads\/2022\/04\/honduras-70x70.png 70w, https:\/\/adiuvopharma.com\/wp-content\/uploads\/2022\/04\/honduras-80x80.png 80w\" sizes=\"(max-width: 128px) 100vw, 128px\" \/><\/td>\n<td><img decoding=\"async\" class=\"aligncenter size-full wp-image-13181\" src=\"https:\/\/www.adiuvopharma.com\/wp-content\/uploads\/2022\/04\/elsalvador.png\" alt=\"\" width=\"128\" height=\"128\" srcset=\"https:\/\/adiuvopharma.com\/wp-content\/uploads\/2022\/04\/elsalvador.png 128w, https:\/\/adiuvopharma.com\/wp-content\/uploads\/2022\/04\/elsalvador-70x70.png 70w, https:\/\/adiuvopharma.com\/wp-content\/uploads\/2022\/04\/elsalvador-80x80.png 80w\" sizes=\"(max-width: 128px) 100vw, 128px\" \/><\/td>\n<td><img decoding=\"async\" class=\"aligncenter size-full wp-image-13189\" src=\"https:\/\/www.adiuvopharma.com\/wp-content\/uploads\/2022\/04\/nicaragua.png\" alt=\"\" width=\"128\" height=\"128\" srcset=\"https:\/\/adiuvopharma.com\/wp-content\/uploads\/2022\/04\/nicaragua.png 128w, https:\/\/adiuvopharma.com\/wp-content\/uploads\/2022\/04\/nicaragua-70x70.png 70w, https:\/\/adiuvopharma.com\/wp-content\/uploads\/2022\/04\/nicaragua-80x80.png 80w\" sizes=\"(max-width: 128px) 100vw, 128px\" \/><\/td>\n<\/tr>\n<\/tbody>\n<\/table>\n<p><strong>manufacturer site:<a href=\"https:\/\/www.sagalabs.com\/\">https:\/\/www.sagalabs.com\/<\/a><\/strong><\/p>\n\t\t\t\t\t\t<\/div>\n\t\t\t\t<\/div>\n\t\t\t\t\t<\/div>\n\t\t<\/div>\n\t\t\t\t\t<\/div>\n\t\t<\/section>\n\t\t\t\t<\/div>\n\t\t","protected":false},"excerpt":{"rendered":"","protected":false},"author":1,"featured_media":0,"parent":12064,"menu_order":0,"comment_status":"closed","ping_status":"closed","template":"","meta":[],"_links":{"self":[{"href":"https:\/\/adiuvopharma.com\/en\/wp-json\/wp\/v2\/pages\/12158\/"}],"collection":[{"href":"https:\/\/adiuvopharma.com\/en\/wp-json\/wp\/v2\/pages\/"}],"about":[{"href":"https:\/\/adiuvopharma.com\/en\/wp-json\/wp\/v2\/types\/page\/"}],"author":[{"embeddable":true,"href":"https:\/\/adiuvopharma.com\/en\/wp-json\/wp\/v2\/users\/1\/"}],"replies":[{"embeddable":true,"href":"https:\/\/adiuvopharma.com\/en\/wp-json\/wp\/v2\/comments\/?post=12158"}],"version-history":[{"count":10,"href":"https:\/\/adiuvopharma.com\/en\/wp-json\/wp\/v2\/pages\/12158\/revisions\/"}],"predecessor-version":[{"id":14166,"href":"https:\/\/adiuvopharma.com\/en\/wp-json\/wp\/v2\/pages\/12158\/revisions\/14166\/"}],"up":[{"embeddable":true,"href":"https:\/\/adiuvopharma.com\/en\/wp-json\/wp\/v2\/pages\/12064\/"}],"wp:attachment":[{"href":"https:\/\/adiuvopharma.com\/en\/wp-json\/wp\/v2\/media\/?parent=12158"}],"curies":[{"name":"wp","href":"https:\/\/api.w.org\/{rel}","templated":true}]}}