{"id":15994,"date":"2023-09-14T13:50:38","date_gmt":"2023-09-14T13:50:38","guid":{"rendered":"https:\/\/www.adiuvopharma.com\/categorias-2\/antiasmaticos-expectorantes\/"},"modified":"2023-09-14T15:19:43","modified_gmt":"2023-09-14T15:19:43","slug":"antiasmaticos-expectorantes","status":"publish","type":"page","link":"https:\/\/adiuvopharma.com\/en\/categorias-2\/antiasmaticos-expectorantes\/","title":{"rendered":"Antiasmaticos, Expectorantes"},"content":{"rendered":"<div class=\"full-width-section    \"  ><div class=\"container\"><div  class=\"column dt-sc-one-half    first \"   style=\"         \"><h2 class=\"  \" ><h3><strong>Ambroxol 15 + Dextrometorfano 7.5<\/strong><\/h3><\/h2>\n<p><img decoding=\"async\" class=\"wp-image-15938 alignleft\" src=\"https:\/\/www.adiuvopharma.com\/wp-content\/uploads\/2023\/09\/Captura-de-pantalla-2023-09-14-074135.png\" alt=\"\" width=\"67\" height=\"134\" srcset=\"https:\/\/adiuvopharma.com\/wp-content\/uploads\/2023\/09\/Captura-de-pantalla-2023-09-14-074135.png 273w, https:\/\/adiuvopharma.com\/wp-content\/uploads\/2023\/09\/Captura-de-pantalla-2023-09-14-074135-150x300.png 150w\" sizes=\"(max-width: 67px) 100vw, 67px\" \/>Ambroxol: Reducci\u00f3n de la viscosidad de las secreciones mucosas, facilitando su expulsi\u00f3n, en procesos catarrales y gripales, para adultos y ni\u00f1os mayores de 2 a\u00f1os. Otros trastornos del tracto respiratorio asociados a mucosidad viscosa.<\/p>\n<div class=\"dt-sc-margin\"><\/div><a href=\"https:\/\/www.adiuvopharma.com\/en\/categorias-2\/antiasmaticos-expectorantes\/ambroxol-15-dextrometorfano-7-5\/\" target='_self'  class=\"dt-sc-button    type4 \"  > Ver Detalle  <\/a><\/div><div  class=\"column dt-sc-one-half     \"   style=\"         \"><h2 class=\"  \" ><h3><strong>AMBROXOL 7.5 + CLENBUTEROL 0.005-5<\/strong><\/h3><\/h2>\n<p><img decoding=\"async\" class=\"wp-image-15940 alignleft\" src=\"https:\/\/www.adiuvopharma.com\/wp-content\/uploads\/2023\/09\/Captura-de-pantalla-2023-09-14-074204.png\" alt=\"\" width=\"73\" height=\"150\" srcset=\"https:\/\/adiuvopharma.com\/wp-content\/uploads\/2023\/09\/Captura-de-pantalla-2023-09-14-074204.png 272w, https:\/\/adiuvopharma.com\/wp-content\/uploads\/2023\/09\/Captura-de-pantalla-2023-09-14-074204-145x300.png 145w\" sizes=\"(max-width: 73px) 100vw, 73px\" \/>Ambroxol: Reducci\u00f3n de la viscosidad de las secreciones mucosas, facilitando su expulsi\u00f3n, en procesos catarrales y gripales, para adultos y ni\u00f1os mayores de 2 a\u00f1os. Otros trastornos del tracto respiratorio asociados a mucosidad viscosa.<\/p>\n<div class=\"dt-sc-margin\"><\/div><a href=\"https:\/\/www.adiuvopharma.com\/en\/categorias-2\/antiasmaticos-expectorantes\/ambroxol-7-5-clenbuterol\/\" target='_self'  class=\"dt-sc-button    type4 \"  > Ver Detalle  <\/a><\/div><div  class=\"column dt-sc-one-half    first \"   style=\"         \"><h2 class=\"  \" ><h3><strong>BUDESONIDA<\/strong><\/h3><\/h2>\n<p><img decoding=\"async\" class=\"wp-image-15942 alignleft\" src=\"https:\/\/www.adiuvopharma.com\/wp-content\/uploads\/2023\/09\/Captura-de-pantalla-2023-09-14-074241.png\" alt=\"\" width=\"219\" height=\"114\" srcset=\"https:\/\/adiuvopharma.com\/wp-content\/uploads\/2023\/09\/Captura-de-pantalla-2023-09-14-074241.png 736w, https:\/\/adiuvopharma.com\/wp-content\/uploads\/2023\/09\/Captura-de-pantalla-2023-09-14-074241-300x156.png 300w\" sizes=\"(max-width: 219px) 100vw, 219px\" \/>Terapia de mantenimiento con glucocor coides para el control de enfermedades subyacentes. Inflamaci\u00f3n de las v\u00edas respiratorias en pacientes con asma bronquial.<\/p>\n<div class=\"dt-sc-margin\"><\/div><a href=\"https:\/\/www.adiuvopharma.com\/en\/categorias-2\/antiasmaticos-expectorantes\/budesonida\/\" target='_self'  class=\"dt-sc-button    type4 \"  > Ver Detalle  <\/a><\/div><\/div><\/div>\n","protected":false},"excerpt":{"rendered":"","protected":false},"author":1,"featured_media":0,"parent":12036,"menu_order":0,"comment_status":"closed","ping_status":"closed","template":"","meta":[],"_links":{"self":[{"href":"https:\/\/adiuvopharma.com\/en\/wp-json\/wp\/v2\/pages\/15994\/"}],"collection":[{"href":"https:\/\/adiuvopharma.com\/en\/wp-json\/wp\/v2\/pages\/"}],"about":[{"href":"https:\/\/adiuvopharma.com\/en\/wp-json\/wp\/v2\/types\/page\/"}],"author":[{"embeddable":true,"href":"https:\/\/adiuvopharma.com\/en\/wp-json\/wp\/v2\/users\/1\/"}],"replies":[{"embeddable":true,"href":"https:\/\/adiuvopharma.com\/en\/wp-json\/wp\/v2\/comments\/?post=15994"}],"version-history":[{"count":3,"href":"https:\/\/adiuvopharma.com\/en\/wp-json\/wp\/v2\/pages\/15994\/revisions\/"}],"predecessor-version":[{"id":16021,"href":"https:\/\/adiuvopharma.com\/en\/wp-json\/wp\/v2\/pages\/15994\/revisions\/16021\/"}],"up":[{"embeddable":true,"href":"https:\/\/adiuvopharma.com\/en\/wp-json\/wp\/v2\/pages\/12036\/"}],"wp:attachment":[{"href":"https:\/\/adiuvopharma.com\/en\/wp-json\/wp\/v2\/media\/?parent=15994"}],"curies":[{"name":"wp","href":"https:\/\/api.w.org\/{rel}","templated":true}]}}